{"id":32,"date":"2025-06-26T07:48:32","date_gmt":"2025-06-26T06:48:32","guid":{"rendered":"https:\/\/www.marange-zondrange.fr\/?page_id=32"},"modified":"2025-06-27T08:14:55","modified_gmt":"2025-06-27T07:14:55","slug":"accueil-periscolaire","status":"publish","type":"page","link":"https:\/\/www.marange-zondrange.fr\/index.php\/petite-enfance\/accueil-periscolaire\/","title":{"rendered":"Accueil p\u00e9riscolaire"},"content":{"rendered":"\n<p>Le service d&rsquo;accueil p\u00e9riscolaire est assur\u00e9 par la commune depuis la rentr\u00e9e 2023\/2024.<\/p>\n\n\n\n<p>Les dossiers d&rsquo;inscription pour l&rsquo;ann\u00e9e scolaire 2025\/2026 sont disponibles d\u00e8s maintenant et \u00e0 compl\u00e9ter et \u00e0 renvoyer \u00e0 la mairie (mairie@marange-zondrange.fr) avant le 15\/07\/2025:<\/p>\n\n\n\n<div class=\"wp-block-file\"><a id=\"wp-block-file--media-f42fc407-1143-45ab-9587-689af3ceab69\" href=\"https:\/\/www.marange-zondrange.fr\/wp-content\/uploads\/2025\/06\/Formulaire-dinscription.docx\">Formulaire d&rsquo;inscription 2025\/2026<\/a><a href=\"https:\/\/www.marange-zondrange.fr\/wp-content\/uploads\/2025\/06\/Formulaire-dinscription.docx\" class=\"wp-block-file__button wp-element-button\" download aria-describedby=\"wp-block-file--media-f42fc407-1143-45ab-9587-689af3ceab69\">T\u00e9l\u00e9charger<\/a><\/div>\n\n\n\n<div class=\"wp-block-file\"><a id=\"wp-block-file--media-f943c057-5651-43db-a012-53cc5bc6463a\" href=\"https:\/\/www.marange-zondrange.fr\/wp-content\/uploads\/2025\/06\/Reglement-interieur-2025-2026.doc\">Re\u0300glement inte\u0301rieur 2025\/2026<\/a><a href=\"https:\/\/www.marange-zondrange.fr\/wp-content\/uploads\/2025\/06\/Reglement-interieur-2025-2026.doc\" class=\"wp-block-file__button wp-element-button\" download aria-describedby=\"wp-block-file--media-f943c057-5651-43db-a012-53cc5bc6463a\">T\u00e9l\u00e9charger<\/a><\/div>\n\n\n\n<p><\/p>\n","protected":false},"excerpt":{"rendered":"<p>Le service d&rsquo;accueil p\u00e9riscolaire est assur\u00e9 par la commune depuis la rentr\u00e9e 2023\/2024. Les dossiers d&rsquo;inscription pour l&rsquo;ann\u00e9e scolaire 2025\/2026 sont disponibles d\u00e8s maintenant et \u00e0 compl\u00e9ter et \u00e0 renvoyer \u00e0 la mairie (mairie@marange-zondrange.fr) avant le 15\/07\/2025:<\/p>\n","protected":false},"author":1,"featured_media":0,"parent":21,"menu_order":0,"comment_status":"closed","ping_status":"closed","template":"","meta":{"footnotes":""},"class_list":["post-32","page","type-page","status-publish","hentry"],"_links":{"self":[{"href":"https:\/\/www.marange-zondrange.fr\/index.php\/wp-json\/wp\/v2\/pages\/32","targetHints":{"allow":["GET"]}}],"collection":[{"href":"https:\/\/www.marange-zondrange.fr\/index.php\/wp-json\/wp\/v2\/pages"}],"about":[{"href":"https:\/\/www.marange-zondrange.fr\/index.php\/wp-json\/wp\/v2\/types\/page"}],"author":[{"embeddable":true,"href":"https:\/\/www.marange-zondrange.fr\/index.php\/wp-json\/wp\/v2\/users\/1"}],"replies":[{"embeddable":true,"href":"https:\/\/www.marange-zondrange.fr\/index.php\/wp-json\/wp\/v2\/comments?post=32"}],"version-history":[{"count":4,"href":"https:\/\/www.marange-zondrange.fr\/index.php\/wp-json\/wp\/v2\/pages\/32\/revisions"}],"predecessor-version":[{"id":107,"href":"https:\/\/www.marange-zondrange.fr\/index.php\/wp-json\/wp\/v2\/pages\/32\/revisions\/107"}],"up":[{"embeddable":true,"href":"https:\/\/www.marange-zondrange.fr\/index.php\/wp-json\/wp\/v2\/pages\/21"}],"wp:attachment":[{"href":"https:\/\/www.marange-zondrange.fr\/index.php\/wp-json\/wp\/v2\/media?parent=32"}],"curies":[{"name":"wp","href":"https:\/\/api.w.org\/{rel}","templated":true}]}}